{"id":6404,"date":"2016-07-21T08:33:09","date_gmt":"2016-07-21T06:33:09","guid":{"rendered":"https:\/\/www.tieraerztekammer.com\/jobboerse\/"},"modified":"2024-12-11T22:02:46","modified_gmt":"2024-12-11T21:02:46","slug":"jobboerse","status":"publish","type":"page","link":"https:\/\/www.tieraerztekammer.com\/it\/jobboerse\/","title":{"rendered":"Borsa di lavoro"},"content":{"rendered":"\n\n\n<h2 class=\"wp-block-heading\">Kleintierarzt\/ -\u00e4rztin f\u00fcr Praxis in Bayern gesucht<\/h2>\n\n\n\n<p>Die Tierarztpraxis am Moritzberg (www.zoodocs.de) ist eine Kleintier- und Exotenpraxis bei N\u00fcrnberg. Wir behandeln alles vom Ameisenhaufen bis zum Elefanten, suchen aber Verst\u00e4rkung besonders f\u00fcr den Bereich Hund und Katze \u2013 auch f\u00fcr OP\u00b4s. Die Praxis ist modern ausgestattet mit Ultraschall (auch Herz-), digitalem R\u00f6ntgen, Endoskopie, Zahneinheit, Inhalationsnarkose, etc.. Eigener Hund w\u00e4re kein Problem. Famili\u00e4rer Bezug zu S\u00fcdtirol vorhanden. Das 11-k\u00f6pfige Team legt sehr gro\u00dfen Wert auf ein freundliches Miteinander und Freude bei der Arbeit. Bei Interesse gerne melden unter: fritz.karbe@zoodocs.de<\/p>\n\n\n\n<div class=\"wp-block-group\"><div class=\"wp-block-group__inner-container is-layout-flow wp-block-group-is-layout-flow\">\n<div class=\"wp-block-file\"><a href=\"https:\/\/www.tieraerztekammer.com\/wp-content\/uploads\/2021\/07\/2021_07_12_Tierarztin-Tierarzt-in-Sand-in-Taufers-gesucht-Cercasi-medico-veterinario-bilingue-tedesco_italiano-a-Campo-Tures.pdf\" class=\"wp-block-file__button wp-element-button\" download>Herunterladen<\/a><\/div>\n<\/div><\/div>\n\n\n\n<hr class=\"wp-block-separator has-css-opacity\"\/>\n\n\n\n<p><\/p>\n\n\n","protected":false},"excerpt":{"rendered":"<p>Kleintierarzt\/ -\u00e4rztin f\u00fcr Praxis in Bayern gesucht Die Tierarztpraxis am Moritzberg (www.zoodocs.de) ist eine Kleintier- und Exotenpraxis bei N\u00fcrnberg. Wir behandeln alles vom Ameisenhaufen bis zum Elefanten, suchen aber Verst\u00e4rkung besonders f\u00fcr den Bereich Hund und Katze \u2013 auch f\u00fcr OP\u00b4s. Die Praxis ist modern ausgestattet mit Ultraschall (auch Herz-), digitalem R\u00f6ntgen, Endoskopie, Zahneinheit, Inhalationsnarkose, etc.. Eigener Hund w\u00e4re kein Problem. Famili\u00e4rer Bezug zu S\u00fcdtirol vorhanden. Das 11-k\u00f6pfige Team legt sehr gro\u00dfen Wert auf ein freundliches Miteinander und Freude bei der Arbeit. Bei Interesse gerne melden unter: fritz.karbe@zoodocs.de<\/p>\n","protected":false},"author":14,"featured_media":0,"parent":0,"menu_order":0,"comment_status":"open","ping_status":"open","template":"","meta":{"footnotes":""},"class_list":["post-6404","page","type-page","status-publish","hentry"],"_links":{"self":[{"href":"https:\/\/www.tieraerztekammer.com\/it\/wp-json\/wp\/v2\/pages\/6404","targetHints":{"allow":["GET"]}}],"collection":[{"href":"https:\/\/www.tieraerztekammer.com\/it\/wp-json\/wp\/v2\/pages"}],"about":[{"href":"https:\/\/www.tieraerztekammer.com\/it\/wp-json\/wp\/v2\/types\/page"}],"author":[{"embeddable":true,"href":"https:\/\/www.tieraerztekammer.com\/it\/wp-json\/wp\/v2\/users\/14"}],"replies":[{"embeddable":true,"href":"https:\/\/www.tieraerztekammer.com\/it\/wp-json\/wp\/v2\/comments?post=6404"}],"version-history":[{"count":16,"href":"https:\/\/www.tieraerztekammer.com\/it\/wp-json\/wp\/v2\/pages\/6404\/revisions"}],"predecessor-version":[{"id":7857,"href":"https:\/\/www.tieraerztekammer.com\/it\/wp-json\/wp\/v2\/pages\/6404\/revisions\/7857"}],"wp:attachment":[{"href":"https:\/\/www.tieraerztekammer.com\/it\/wp-json\/wp\/v2\/media?parent=6404"}],"curies":[{"name":"wp","href":"https:\/\/api.w.org\/{rel}","templated":true}]}}