{"id":5065,"date":"2016-10-12T16:14:56","date_gmt":"2016-10-12T14:14:56","guid":{"rendered":"https:\/\/www.tieraerztekammer.com\/it\/?page_id=5065"},"modified":"2016-10-28T08:50:22","modified_gmt":"2016-10-28T06:50:22","slug":"veterinario-ippiatra","status":"publish","type":"page","link":"https:\/\/www.tieraerztekammer.com\/it\/veterinario-ippiatra\/","title":{"rendered":"Veterinario ippiatra"},"content":{"rendered":"<p>Il veterinario per equini (veterinario ippiatra) si occupa delle cure mediche e del benessere dei cavalli e di altri equini come asini, muli, bardotti ecc. Questi animali godono anche in Alto Adige di una cresente popolarit\u00e1 e diffusione. <br class=\"clear\" \/><br \/> La medicina per equini si \u00e8 evoluta in modo significativo negli ultimi anni e non \u00e8 pi\u00f9 concepibile senza strumenti diagnostici di supporto. Visite e terapia avvengono nella maggior parte dei casi in azienda e a tale scopo l&#8217;ippiatra porta con se in macchina tutti i principali dispositivi diagnostici necessari. Per interventi diagnostici e chirurgiche pi\u00f9 complessi sono disponibili diverse strutture attrezzate su tutto il territorio provinciale che in caso di necessit\u00e0 possono ricorrere anche al ricovero dei pazienti.<br class=\"clear\" \/><br \/> Il veterinario ippiatra \u00e8 un libero professionista puro senza alcun sostegno finanziario pubblico e quindi sono a sua discrezione la sua reperibibilt\u00e1 per la clientela, il suo orario d&#8217;esercizio nonch\u00e9 le tariffe applicate per le prestazioni professionali rese.<\/p>\n<p>&nbsp;<\/p>\n<h2><strong><a href=\"https:\/\/www.tieraerztekammer.com\/it\/cavalli\/\">Veterinari per cavalli<\/a><\/strong><\/h2>\n","protected":false},"excerpt":{"rendered":"<p>Il veterinario per equini (veterinario ippiatra) si occupa delle cure mediche e del benessere dei cavalli e di altri equini come asini, muli, bardotti ecc. Questi animali godono anche in Alto Adige di una cresente popolarit\u00e1 e diffusione. La medicina per equini si \u00e8 evoluta in modo significativo negli ultimi anni e non \u00e8 pi\u00f9 concepibile senza strumenti diagnostici di supporto. Visite e terapia avvengono nella maggior parte dei casi in azienda e a tale scopo l&#8217;ippiatra porta con se in macchina tutti i principali dispositivi diagnostici necessari. Per interventi diagnostici e chirurgiche pi\u00f9 complessi sono disponibili diverse strutture attrezzate su tutto il territorio provinciale che in caso di necessit\u00e0 possono ricorrere anche al ricovero dei pazienti. Il veterinario ippiatra \u00e8 un libero professionista puro senza alcun sostegno finanziario pubblico e quindi sono a sua discrezione la sua reperibibilt\u00e1 per la clientela, il suo orario d&#8217;esercizio nonch\u00e9 le tariffe applicate per le prestazioni professionali rese. &nbsp; Veterinari per cavalli<\/p>\n","protected":false},"author":14,"featured_media":0,"parent":0,"menu_order":4,"comment_status":"open","ping_status":"open","template":"","meta":{"footnotes":""},"class_list":["post-5065","page","type-page","status-publish","hentry"],"_links":{"self":[{"href":"https:\/\/www.tieraerztekammer.com\/it\/wp-json\/wp\/v2\/pages\/5065","targetHints":{"allow":["GET"]}}],"collection":[{"href":"https:\/\/www.tieraerztekammer.com\/it\/wp-json\/wp\/v2\/pages"}],"about":[{"href":"https:\/\/www.tieraerztekammer.com\/it\/wp-json\/wp\/v2\/types\/page"}],"author":[{"embeddable":true,"href":"https:\/\/www.tieraerztekammer.com\/it\/wp-json\/wp\/v2\/users\/14"}],"replies":[{"embeddable":true,"href":"https:\/\/www.tieraerztekammer.com\/it\/wp-json\/wp\/v2\/comments?post=5065"}],"version-history":[{"count":6,"href":"https:\/\/www.tieraerztekammer.com\/it\/wp-json\/wp\/v2\/pages\/5065\/revisions"}],"predecessor-version":[{"id":5101,"href":"https:\/\/www.tieraerztekammer.com\/it\/wp-json\/wp\/v2\/pages\/5065\/revisions\/5101"}],"wp:attachment":[{"href":"https:\/\/www.tieraerztekammer.com\/it\/wp-json\/wp\/v2\/media?parent=5065"}],"curies":[{"name":"wp","href":"https:\/\/api.w.org\/{rel}","templated":true}]}}