{"id":4365,"date":"2015-11-16T10:24:33","date_gmt":"2015-11-16T09:24:33","guid":{"rendered":"https:\/\/www.tieraerztekammer.com\/?page_id=4365"},"modified":"2025-11-11T10:20:36","modified_gmt":"2025-11-11T09:20:36","slug":"animali-daffezione","status":"publish","type":"page","link":"https:\/\/www.tieraerztekammer.com\/it\/animali-daffezione\/","title":{"rendered":"Pensione per animali &#8211; canili"},"content":{"rendered":"<p><a href=\"https:\/\/www.dogacademy.it\/\" target=\"_blank\" rel=\"noopener\"><i class='soc_icon fa fa-star fa-1x custom_color' data-font-color='#008fd5' data-bg-color='#fff' data-border-color='#008fd5'><\/i>\u00a0 La pensione per i vostri amici a<\/a> 4 zampe in Alto Adige<\/p>\n<p><a href=\"https:\/\/dogshotel.it\/?lang=it&amp;pagename=home\"><i class='soc_icon fa fa-star fa-1x custom_color' data-font-color='#008fd5' data-bg-color='#fff' data-border-color='#008fd5'><\/i>\u00a0Dogshotel<\/a><\/p>\n<p><a href=\"http:\/\/www.pensione-animali.it\/index.php?lang=italian\" target=\"_blank\" rel=\"noopener\"><i class='soc_icon fa fa-star fa-1x custom_color' data-font-color='#008fd5' data-bg-color='#fff' data-border-color='#008fd5'><\/i> Pensione animali San Francesco<\/a><\/p>\n<p><a href=\"http:\/\/www.tierpension-kohlerhof.it\/it\/index.php\" target=\"_blank\" rel=\"noopener\"><i class='soc_icon fa fa-star fa-1x custom_color' data-font-color='#008fd5' data-bg-color='#fff' data-border-color='#008fd5'><\/i> Pensione animali\u00a0Kohlerhof<\/a><\/p>\n<p><a href=\"http:\/\/www.canilenaturno.org\/\" target=\"_blank\" rel=\"noopener\"><i class='soc_icon fa fa-star fa-1x custom_color' data-font-color='#008fd5' data-bg-color='#fff' data-border-color='#008fd5'><\/i> Canile Naturno<\/a><\/p>\n<p><a href=\"http:\/\/www.fnovi.it\/\" target=\"_blank\" rel=\"noopener\"><i class='soc_icon fa fa-star fa-1x custom_color' data-font-color='#008fd5' data-bg-color='#fff' data-border-color='#008fd5'><\/i>\u00a0<\/a><a href=\"http:\/\/www.tierheim-obervintl.it\/\" target=\"_blank\" rel=\"noopener\">Tierheim Vintl<\/a><\/p>\n<p><a href=\"http:\/\/www.asdaa.it\/it\/ospedali\/bolzano\/Canile-Sanitario-rifugio-per-animali-Sill.asp\" target=\"_blank\" rel=\"noopener\"><i class='soc_icon fa fa-star fa-1x custom_color' data-font-color='#008fd5' data-bg-color='#fff' data-border-color='#008fd5'><\/i> Canile Sill<\/a><\/p>\n<p><em>L\u2019elenco non \u00e8 completo.<\/em><br \/>\n<em> Per conoscere le modalit\u00e0 operative dei singoli addestratori \u00a0si consiglia di contattarli direttamente.<\/em><br \/>\n<em>L&#8217;elenco non include una valutazione.<\/em><\/p>\n<h1>Viaggiare con animali a seguito:<\/h1>\n<p><a href=\"http:\/\/www.bmel.de\/DE\/Tier\/HausUndZootiere\/Heimtiere\/_Texte\/Heimtierausweis.html\" target=\"_blank\" rel=\"noopener\"><i class='soc_icon fa fa-star fa-1x custom_color' data-font-color='#008fd5' data-bg-color='#fff' data-border-color='#008fd5'><\/i> Norme<\/a><\/p>\n<p>*Wenn auf ausl\u00e4ndische Websites verlinkt wird, bitte beachten, dass die nationale italienische Gesetzgebung gegen\u00fcber anderer nationaler Gesetzgebung g\u00fcltig ist.<\/p>\n[wpgmza id=&#8221;1&#8243; cat=&#8221;3&#8243;]\n[\/cws-widget][\/col][\/cws-row]\n","protected":false},"excerpt":{"rendered":"<p>\u00a0 La pensione per i vostri amici a 4 zampe in Alto Adige \u00a0Dogshotel Pensione animali San Francesco Pensione animali\u00a0Kohlerhof Canile Naturno \u00a0Tierheim Vintl Canile Sill L\u2019elenco non \u00e8 completo. Per conoscere le modalit\u00e0 operative dei singoli addestratori \u00a0si consiglia di contattarli direttamente. L&#8217;elenco non include una valutazione. Viaggiare con animali a seguito: Norme *Wenn auf ausl\u00e4ndische Websites verlinkt wird, bitte beachten, dass die nationale italienische Gesetzgebung gegen\u00fcber anderer nationaler Gesetzgebung g\u00fcltig ist. [wpgmza id=&#8221;1&#8243; cat=&#8221;3&#8243;] [\/cws-widget][\/col][\/cws-row]<\/p>\n","protected":false},"author":14,"featured_media":0,"parent":0,"menu_order":0,"comment_status":"closed","ping_status":"closed","template":"","meta":{"footnotes":""},"class_list":["post-4365","page","type-page","status-publish","hentry"],"_links":{"self":[{"href":"https:\/\/www.tieraerztekammer.com\/it\/wp-json\/wp\/v2\/pages\/4365","targetHints":{"allow":["GET"]}}],"collection":[{"href":"https:\/\/www.tieraerztekammer.com\/it\/wp-json\/wp\/v2\/pages"}],"about":[{"href":"https:\/\/www.tieraerztekammer.com\/it\/wp-json\/wp\/v2\/types\/page"}],"author":[{"embeddable":true,"href":"https:\/\/www.tieraerztekammer.com\/it\/wp-json\/wp\/v2\/users\/14"}],"replies":[{"embeddable":true,"href":"https:\/\/www.tieraerztekammer.com\/it\/wp-json\/wp\/v2\/comments?post=4365"}],"version-history":[{"count":24,"href":"https:\/\/www.tieraerztekammer.com\/it\/wp-json\/wp\/v2\/pages\/4365\/revisions"}],"predecessor-version":[{"id":8980,"href":"https:\/\/www.tieraerztekammer.com\/it\/wp-json\/wp\/v2\/pages\/4365\/revisions\/8980"}],"wp:attachment":[{"href":"https:\/\/www.tieraerztekammer.com\/it\/wp-json\/wp\/v2\/media?parent=4365"}],"curies":[{"name":"wp","href":"https:\/\/api.w.org\/{rel}","templated":true}]}}