{"id":4331,"date":"2015-11-10T16:50:51","date_gmt":"2015-11-10T15:50:51","guid":{"rendered":"https:\/\/www.tieraerztekammer.com\/?page_id=4331"},"modified":"2020-11-11T09:03:49","modified_gmt":"2020-11-11T08:03:49","slug":"annunci","status":"publish","type":"page","link":"https:\/\/www.tieraerztekammer.com\/it\/annunci\/","title":{"rendered":"Annunci"},"content":{"rendered":"<p><strong>Veterinaria cerca lavoro<\/strong> &#8211;\u00a0<a href=\"https:\/\/www.tieraerztekammer.com\/wp-content\/uploads\/2020\/11\/CV-Europass-20200331-IT-3.pdf\">CV-Europass-20200331-IT-3<\/a><\/p>\n<p>&nbsp;<\/p>\n<p><strong>Cercasi collega veterinario\/a <\/strong>per l\u2019acquisizione di un ambulatorio veterinario nel comune di Gargazzone, dato che inizio la carriera da veterinario ufficiale.<\/p>\n<p>Struttura ideale per iniziare un attivit\u00e0 propria con capitale d\u2019avviamento basso o come struttura satellite per una clinica gi\u00e0 esistente.<\/p>\n<p>L\u2019ambulatorio \u00e8 situato strategicamente tra Merano e Bolzano, raggiungibile sempre da entrambe le citt\u00e0 entro 15-20 minuti con numerose possibilit\u00e0 di parcheggio direttamente davanti alla porta.<\/p>\n<p>In caso di interesse vi prego di chiamarmi entro il 10 di novembre<\/p>\n<p>Tel : 339-5245525\u00a0 Dott.ssa Silvia Knoflach<\/p>\n<p>&nbsp;<\/p>\n<p><a href=\"https:\/\/www.tieraerztekammer.com\/wp-content\/uploads\/2020\/07\/Tier\u00e4rztin-Tierarzt-in-Sand-in-Taufers-gesucht-Cercasi-medico-veterinario-bilingue-tedesco_italiano-a-Campo-Tures.pdf\">Tier\u00e4rztin-Tierarzt in Sand in Taufers gesucht &#8211; Cercasi medico veterinario bilingue (tedesco_italiano) a Campo Tures<\/a><\/p>\n<p>&nbsp;<\/p>\n<p><strong>Cercasi medico veterinario <\/strong><\/p>\n<p><strong>L\u2019ambulatorio veterinario di piccoli animali a Caldaro <\/strong>(BZ) \u00e8 alla ricerca di un\/a collega motivato\/a che desidera lavorare in un ambiente ben attrezzato con un team consolidato.<\/p>\n<p>Se sei interessato\/a, saremo lieti di ricevere un tuo riscontro.<\/p>\n<p><strong>Ambulatorio veterinario Caldaro<\/strong><\/p>\n<p><strong>Via stazione 10<\/strong><\/p>\n<p><strong>I &#8211; 39052 Caldaro sulla strada del vino (BZ)<\/strong><\/p>\n<p><strong>Tel. +39-0471-965040<\/strong><\/p>\n<p><strong>Mail: <a href=\"mailto:info@animaldoc.it\">info@animaldoc.it<\/a><\/strong><\/p>\n<p>&nbsp;<\/p>\n<p>&nbsp;<\/p>\n<p>&nbsp;<\/p>\n<p>Ambulatorio Veterinario Merano Centro<strong> cerca collega neolaureat-\/o\u00a0.<\/strong><\/p>\n<p>Conoscenza delle lingue ( italiano e tedesco )\u00a0nonch\u00e9 minima esperienza lavorativa gradite.<\/p>\n<p><strong>Ambulatorio Veterinario Merano Centro &#8211; Kleintierpraxis Meran Zentrum<\/strong><\/p>\n<p><strong>Dr. Lukas Fr\u00fchauf &#8211; Dr. Cristina Spampinato<\/strong><\/p>\n<p><strong>Via Roma, 58-60\u00a0 \u00a0&#8211; Romstrasse 58-60<\/strong><\/p>\n<p><strong>I &#8211; 39012 Merano Meran (BZ)<\/strong><\/p>\n<p><strong>Tel:\u00a0 \u00a0+39 0473 238348<\/strong><\/p>\n<p><strong>Mail:<\/strong>\u00a0\u00a0<a href=\"mailto:vet.meranocentro@gmail.com\">vet.meranocentro@gmail.com<\/a><\/p>\n<p>&nbsp;<\/p>\n","protected":false},"excerpt":{"rendered":"<p>Veterinaria cerca lavoro &#8211;\u00a0CV-Europass-20200331-IT-3 &nbsp; Cercasi collega veterinario\/a per l\u2019acquisizione di un ambulatorio veterinario nel comune di Gargazzone, dato che inizio la carriera da veterinario ufficiale. Struttura ideale per iniziare un attivit\u00e0 propria con capitale d\u2019avviamento basso o come struttura satellite per una clinica gi\u00e0 esistente. L\u2019ambulatorio \u00e8 situato strategicamente tra Merano e Bolzano, raggiungibile sempre da entrambe le citt\u00e0 entro 15-20 minuti con numerose possibilit\u00e0 di parcheggio direttamente davanti alla porta. In caso di interesse vi prego di chiamarmi entro il 10 di novembre Tel : 339-5245525\u00a0 Dott.ssa Silvia Knoflach &nbsp; Tier\u00e4rztin-Tierarzt in Sand in Taufers gesucht &#8211; Cercasi medico veterinario bilingue (tedesco_italiano) a Campo Tures &nbsp; Cercasi medico veterinario L\u2019ambulatorio veterinario di piccoli animali a Caldaro (BZ) \u00e8 alla ricerca di un\/a collega motivato\/a che desidera lavorare in un ambiente ben attrezzato con un team consolidato. Se sei interessato\/a, saremo lieti di ricevere un tuo riscontro. Ambulatorio veterinario Caldaro Via stazione 10 I &#8211; 39052 Caldaro sulla strada del vino (BZ) Tel. +39-0471-965040 Mail: info@animaldoc.it &nbsp; &nbsp; &nbsp; Ambulatorio Veterinario Merano Centro cerca collega neolaureat-\/o\u00a0. Conoscenza delle lingue ( italiano e tedesco )\u00a0nonch\u00e9 minima esperienza lavorativa gradite. Ambulatorio Veterinario Merano Centro &#8211; Kleintierpraxis Meran Zentrum Dr. Lukas Fr\u00fchauf &#8211; Dr. Cristina Spampinato Via Roma, 58-60\u00a0 \u00a0&#8211; Romstrasse 58-60 I &#8211; 39012 Merano Meran (BZ) Tel:\u00a0 \u00a0+39 0473 238348 Mail:\u00a0\u00a0vet.meranocentro@gmail.com &nbsp;<\/p>\n","protected":false},"author":14,"featured_media":0,"parent":0,"menu_order":0,"comment_status":"open","ping_status":"open","template":"","meta":{"footnotes":""},"class_list":["post-4331","page","type-page","status-publish","hentry"],"_links":{"self":[{"href":"https:\/\/www.tieraerztekammer.com\/it\/wp-json\/wp\/v2\/pages\/4331","targetHints":{"allow":["GET"]}}],"collection":[{"href":"https:\/\/www.tieraerztekammer.com\/it\/wp-json\/wp\/v2\/pages"}],"about":[{"href":"https:\/\/www.tieraerztekammer.com\/it\/wp-json\/wp\/v2\/types\/page"}],"author":[{"embeddable":true,"href":"https:\/\/www.tieraerztekammer.com\/it\/wp-json\/wp\/v2\/users\/14"}],"replies":[{"embeddable":true,"href":"https:\/\/www.tieraerztekammer.com\/it\/wp-json\/wp\/v2\/comments?post=4331"}],"version-history":[{"count":27,"href":"https:\/\/www.tieraerztekammer.com\/it\/wp-json\/wp\/v2\/pages\/4331\/revisions"}],"predecessor-version":[{"id":6146,"href":"https:\/\/www.tieraerztekammer.com\/it\/wp-json\/wp\/v2\/pages\/4331\/revisions\/6146"}],"wp:attachment":[{"href":"https:\/\/www.tieraerztekammer.com\/it\/wp-json\/wp\/v2\/media?parent=4331"}],"curies":[{"name":"wp","href":"https:\/\/api.w.org\/{rel}","templated":true}]}}